{"id":772,"date":"2012-04-16T15:14:39","date_gmt":"2012-04-16T15:14:39","guid":{"rendered":"http:\/\/demo.cpothemes.com\/panoramica\/?page_id=770"},"modified":"2026-02-26T15:46:01","modified_gmt":"2026-02-26T20:46:01","slug":"portfolio","status":"publish","type":"page","link":"https:\/\/www.danielmoisan.com\/","title":{"rendered":"Bienvenue !"},"content":{"rendered":"\n<p>Vous \u00eates dans l&rsquo;espace cr\u00e9atif de Daniel L. Moisan, artiste multidisciplinaire. Design graphique, musique, litt\u00e9rature, photographie, arts visuels et multim\u00e9dia sont le quotidien de ce dipl\u00f4m\u00e9 en Arts visuels de l&rsquo;Universit\u00e9 Laval. Depuis 1990, Daniel L. Moisan a fait sa marque dans le paysage publicitaire, musical et litt\u00e9raire de fa\u00e7on importante, autant au Qu\u00e9bec qu&rsquo;\u00e0 l&rsquo;international. Voici un \u00e9chantillon de son travail. Pour rejoindre Daniel L. Moisan : <a href=\"mailto:moisan@moisanmarketing.com\">moisan@moisanmarketing.com<\/a><\/p>\n\n\n\n<h1 class=\"wp-block-heading\">Design Graphique<\/h1>\n\n\n\n<figure class=\"wp-block-image size-large\"><img loading=\"lazy\" decoding=\"async\" width=\"851\" height=\"1024\" src=\"https:\/\/www.danielmoisan.com\/wp-content\/uploads\/2024\/12\/Capture-decran-le-2024-12-18-a-10.52.51-851x1024.png\" alt=\"\" class=\"wp-image-2587\" srcset=\"https:\/\/www.danielmoisan.com\/wp-content\/uploads\/2024\/12\/Capture-decran-le-2024-12-18-a-10.52.51-851x1024.png 851w, https:\/\/www.danielmoisan.com\/wp-content\/uploads\/2024\/12\/Capture-decran-le-2024-12-18-a-10.52.51-249x300.png 249w, https:\/\/www.danielmoisan.com\/wp-content\/uploads\/2024\/12\/Capture-decran-le-2024-12-18-a-10.52.51-768x925.png 768w, https:\/\/www.danielmoisan.com\/wp-content\/uploads\/2024\/12\/Capture-decran-le-2024-12-18-a-10.52.51-1276x1536.png 1276w, https:\/\/www.danielmoisan.com\/wp-content\/uploads\/2024\/12\/Capture-decran-le-2024-12-18-a-10.52.51.png 1354w\" sizes=\"auto, (max-width: 851px) 100vw, 851px\" \/><\/figure>\n\n\n\n<p class=\"has-text-align-left\"><a href=\"mailto:moisan@moisanmarketing.com\">moisan@moisanmarketing.com<\/a><\/p>\n\n\n\n<h1 class=\"wp-block-heading\">Musique<\/h1>\n\n\n\n<figure class=\"wp-block-embed is-type-rich is-provider-spotify wp-block-embed-spotify wp-embed-aspect-21-9 wp-has-aspect-ratio\"><div class=\"wp-block-embed__wrapper\">\n<iframe title=\"Spotify Embed: Dan Moisan\" style=\"border-radius: 12px\" width=\"100%\" height=\"352\" frameborder=\"0\" allowfullscreen allow=\"autoplay; clipboard-write; encrypted-media; fullscreen; picture-in-picture\" loading=\"lazy\" src=\"https:\/\/open.spotify.com\/embed\/artist\/2NTH6P1yJBuC1Va9q1cHlP?utm_source=oembed\"><\/iframe>\n<\/div><\/figure>\n\n\n<div class=\"wp-block-image\">\n<figure class=\"alignleft size-large is-resized\"><img loading=\"lazy\" decoding=\"async\" width=\"770\" height=\"1024\" src=\"https:\/\/www.danielmoisan.com\/wp-content\/uploads\/2024\/12\/Capture-decran-le-2024-12-12-a-10.04.46-770x1024.png\" alt=\"\" class=\"wp-image-2589\" style=\"width:838px;height:auto\" srcset=\"https:\/\/www.danielmoisan.com\/wp-content\/uploads\/2024\/12\/Capture-decran-le-2024-12-12-a-10.04.46-770x1024.png 770w, https:\/\/www.danielmoisan.com\/wp-content\/uploads\/2024\/12\/Capture-decran-le-2024-12-12-a-10.04.46-226x300.png 226w, https:\/\/www.danielmoisan.com\/wp-content\/uploads\/2024\/12\/Capture-decran-le-2024-12-12-a-10.04.46-768x1021.png 768w, https:\/\/www.danielmoisan.com\/wp-content\/uploads\/2024\/12\/Capture-decran-le-2024-12-12-a-10.04.46-1155x1536.png 1155w, https:\/\/www.danielmoisan.com\/wp-content\/uploads\/2024\/12\/Capture-decran-le-2024-12-12-a-10.04.46.png 1382w\" sizes=\"auto, (max-width: 770px) 100vw, 770px\" \/><\/figure>\n<\/div>\n\n\n<div style=\"height:20px\" aria-hidden=\"true\" class=\"wp-block-spacer\"><\/div>\n\n\n\n<figure class=\"wp-block-embed aligncenter is-type-video is-provider-youtube wp-block-embed-youtube wp-embed-aspect-16-9 wp-has-aspect-ratio\"><div class=\"wp-block-embed__wrapper\">\n<iframe loading=\"lazy\" title=\"DAN MOISAN - SANS TOI - VID\u00c9O OFFICIELLE\" width=\"640\" height=\"360\" src=\"https:\/\/www.youtube.com\/embed\/8RisaRDC_8Q?feature=oembed\" frameborder=\"0\" allow=\"accelerometer; autoplay; clipboard-write; encrypted-media; gyroscope; picture-in-picture; web-share\" referrerpolicy=\"strict-origin-when-cross-origin\" allowfullscreen><\/iframe>\n<\/div><\/figure>\n\n\n\n<figure class=\"wp-block-embed aligncenter is-type-video is-provider-youtube wp-block-embed-youtube wp-embed-aspect-16-9 wp-has-aspect-ratio\"><div class=\"wp-block-embed__wrapper\">\n<iframe loading=\"lazy\" title=\"DAN MOISAN - TOI RESTE TOI - VID\u00c9O OFFICIELLE\" width=\"640\" height=\"360\" src=\"https:\/\/www.youtube.com\/embed\/fr_MxX8ARnM?feature=oembed\" frameborder=\"0\" allow=\"accelerometer; autoplay; clipboard-write; encrypted-media; gyroscope; picture-in-picture; web-share\" referrerpolicy=\"strict-origin-when-cross-origin\" allowfullscreen><\/iframe>\n<\/div><\/figure>\n\n\n\n<figure class=\"wp-block-embed aligncenter is-type-video is-provider-youtube wp-block-embed-youtube wp-embed-aspect-16-9 wp-has-aspect-ratio\"><div class=\"wp-block-embed__wrapper\">\n<iframe loading=\"lazy\" title=\"Dan Moisan  -  \u00c0&#039;Confesse  -  Vid\u00e9o Officielle\" width=\"640\" height=\"360\" src=\"https:\/\/www.youtube.com\/embed\/w9xEjvOf_Bw?feature=oembed\" frameborder=\"0\" allow=\"accelerometer; autoplay; clipboard-write; encrypted-media; gyroscope; picture-in-picture; web-share\" referrerpolicy=\"strict-origin-when-cross-origin\" allowfullscreen><\/iframe>\n<\/div><\/figure>\n\n\n\n<p class=\"has-text-align-left\"><a href=\"mailto:moisan@moisanmarketing.com\">moisan@moisanmarketing.com<\/a><\/p>\n\n\n\n<h1 class=\"wp-block-heading\">Litt\u00e9rature<\/h1>\n\n\n\n<figure class=\"wp-block-image size-full is-resized\"><img loading=\"lazy\" decoding=\"async\" width=\"669\" height=\"960\" src=\"https:\/\/www.danielmoisan.com\/wp-content\/uploads\/2026\/02\/Screenshot-2026-02-26-at-3.42.59-PM.png\" alt=\"\" class=\"wp-image-2630\" style=\"width:748px;height:auto\" srcset=\"https:\/\/www.danielmoisan.com\/wp-content\/uploads\/2026\/02\/Screenshot-2026-02-26-at-3.42.59-PM.png 669w, https:\/\/www.danielmoisan.com\/wp-content\/uploads\/2026\/02\/Screenshot-2026-02-26-at-3.42.59-PM-209x300.png 209w\" sizes=\"auto, (max-width: 669px) 100vw, 669px\" \/><\/figure>\n\n\n\n<p class=\"has-text-align-left\">  <a href=\"mailto:moisan@moisanmarketing.com\">moisan@moisanmarketing.com<\/a><\/p>\n\n\n\n<h1 class=\"wp-block-heading\">Arts visuels<\/h1>\n\n\n\n<figure class=\"wp-block-image size-large is-resized\"><img decoding=\"async\" src=\"https:\/\/www.danielmoisan.com\/wp-content\/uploads\/2024\/12\/Capture-decran-le-2024-12-18-a-11.33.56-793x1024.png\" alt=\"\" class=\"wp-image-2595\" style=\"aspect-ratio:0.7744238788499525;width:769px;height:auto\"\/><\/figure>\n\n\n\n<p class=\"has-text-align-left\">    <a href=\"mailto:moisan@moisanmarketing.com\">moisan@moisanmarketing.com<\/a><\/p>\n\n\n\n<h1 class=\"wp-block-heading\">Photographie<\/h1>\n\n\n\n<figure class=\"wp-block-image size-large\"><img loading=\"lazy\" decoding=\"async\" width=\"889\" height=\"1024\" src=\"https:\/\/www.danielmoisan.com\/wp-content\/uploads\/2024\/12\/Capture-decran-le-2024-12-18-a-12.11.48-889x1024.png\" alt=\"\" class=\"wp-image-2620\" srcset=\"https:\/\/www.danielmoisan.com\/wp-content\/uploads\/2024\/12\/Capture-decran-le-2024-12-18-a-12.11.48-889x1024.png 889w, https:\/\/www.danielmoisan.com\/wp-content\/uploads\/2024\/12\/Capture-decran-le-2024-12-18-a-12.11.48-260x300.png 260w, https:\/\/www.danielmoisan.com\/wp-content\/uploads\/2024\/12\/Capture-decran-le-2024-12-18-a-12.11.48-768x885.png 768w, https:\/\/www.danielmoisan.com\/wp-content\/uploads\/2024\/12\/Capture-decran-le-2024-12-18-a-12.11.48-1334x1536.png 1334w, https:\/\/www.danielmoisan.com\/wp-content\/uploads\/2024\/12\/Capture-decran-le-2024-12-18-a-12.11.48.png 1476w\" sizes=\"auto, (max-width: 889px) 100vw, 889px\" \/><\/figure>\n\n\n\n<p class=\"has-text-align-left\"><a href=\"mailto:moisan@moisanmarketing.com\">moisan@moisanmarketing.com<\/a><\/p>\n\n\n\n<h1 class=\"wp-block-heading\">Mise en sc\u00e8ne et direction artistique<\/h1>\n\n\n\n<figure class=\"wp-block-image size-large\"><img decoding=\"async\" src=\"https:\/\/www.danielmoisan.com\/wp-content\/uploads\/2024\/12\/Capture-decran-le-2024-12-18-a-11.38.46-1024x512.png\" alt=\"\" class=\"wp-image-2597\"\/><\/figure>\n\n\n\n<p class=\"has-text-align-left\">   <a href=\"mailto:moisan@moisanmarketing.com\">moisan@moisanmarketing.com<\/a>     <\/p>\n\n\n\n<p><\/p>\n","protected":false},"excerpt":{"rendered":"<p>Vous \u00eates dans l&rsquo;espace cr\u00e9atif de Daniel L. Moisan, artiste multidisciplinaire. Design graphique, musique, litt\u00e9rature, photographie, arts visuels et multim\u00e9dia sont le quotidien de&#8230;<\/p>\n","protected":false},"author":1,"featured_media":0,"parent":0,"menu_order":0,"comment_status":"closed","ping_status":"open","template":"","meta":{"footnotes":""},"class_list":["post-772","page","type-page","status-publish","hentry"],"_links":{"self":[{"href":"https:\/\/www.danielmoisan.com\/index.php?rest_route=\/wp\/v2\/pages\/772","targetHints":{"allow":["GET"]}}],"collection":[{"href":"https:\/\/www.danielmoisan.com\/index.php?rest_route=\/wp\/v2\/pages"}],"about":[{"href":"https:\/\/www.danielmoisan.com\/index.php?rest_route=\/wp\/v2\/types\/page"}],"author":[{"embeddable":true,"href":"https:\/\/www.danielmoisan.com\/index.php?rest_route=\/wp\/v2\/users\/1"}],"replies":[{"embeddable":true,"href":"https:\/\/www.danielmoisan.com\/index.php?rest_route=%2Fwp%2Fv2%2Fcomments&post=772"}],"version-history":[{"count":18,"href":"https:\/\/www.danielmoisan.com\/index.php?rest_route=\/wp\/v2\/pages\/772\/revisions"}],"predecessor-version":[{"id":2632,"href":"https:\/\/www.danielmoisan.com\/index.php?rest_route=\/wp\/v2\/pages\/772\/revisions\/2632"}],"wp:attachment":[{"href":"https:\/\/www.danielmoisan.com\/index.php?rest_route=%2Fwp%2Fv2%2Fmedia&parent=772"}],"curies":[{"name":"wp","href":"https:\/\/api.w.org\/{rel}","templated":true}]}}